{"id":180,"date":"2022-09-14T20:44:04","date_gmt":"2022-09-14T18:44:04","guid":{"rendered":"http:\/\/lehrerjanke.rocks\/?page_id=180"},"modified":"2022-09-28T22:51:38","modified_gmt":"2022-09-28T20:51:38","slug":"2-dateisystem-erforschen","status":"publish","type":"page","link":"https:\/\/lehrerjanke.rocks\/index.php\/wpinf-7\/2-dateisystem-erforschen\/","title":{"rendered":"2. Dateisystem erforschen"},"content":{"rendered":"\n<h2 class=\"wp-block-heading\">Was ist ein Dateisystem?<\/h2>\n\n\n\n<p>Ein Dateisystem ist ein&nbsp;<strong>Ablagesystem auf einem Speichermedium<\/strong>, das das Schreiben, Suchen, Lesen, Speichern, Ver\u00e4ndern und L\u00f6schen von Dateien auf eine spezifische Weise strukturiert und organisiert.<\/p>\n\n\n\n<div class=\"wp-block-columns is-layout-flex wp-container-core-columns-is-layout-9d6595d7 wp-block-columns-is-layout-flex\">\n<div class=\"wp-block-column is-layout-flow wp-block-column-is-layout-flow\" style=\"flex-basis:66.66%\">\n<p>Wichtig ist dabei, dass die gespeicherten Dateien leicht (wieder-) zu finden und  Anwender&nbsp;<strong>schnellstm\u00f6glichen Zugriff<\/strong>&nbsp;auf ihre Dateien bekommen.<\/p>\n\n\n\n<p>Dateisysteme sind zudem eine wichtige Schnittstelle zwischen dem Betriebssystem und allen <strong>angeschlossenen Laufwerken<\/strong> (intern und extern, z. B. USB-Sticks, externe Festplatten, Netzerkspeicher).<\/p>\n\n\n\n<p>Im Dateisystem werden Dateien neben ihrem <strong>Namen<\/strong> auch mit einer <strong>Dateiendung<\/strong> gespeichert.<\/p>\n\n\n\n<p>Welche Aufgabe haben diese Dateiendungen?<\/p>\n\n\n\n<p>Welche Dateiendungen kennt ihr?<\/p>\n<\/div>\n\n\n\n<div class=\"wp-block-column is-layout-flow wp-block-column-is-layout-flow\" style=\"flex-basis:33.33%\">\n<figure class=\"wp-block-image size-large is-resized\"><img loading=\"lazy\" decoding=\"async\" src=\"https:\/\/lehrerjanke.rocks\/wp-content\/uploads\/2022\/09\/MM_Laufwerk-H-Neuer-Ordner-1024x581.png\" alt=\"\" class=\"wp-image-258\" width=\"322\" height=\"182\" srcset=\"https:\/\/lehrerjanke.rocks\/wp-content\/uploads\/2022\/09\/MM_Laufwerk-H-Neuer-Ordner-1024x581.png 1024w, https:\/\/lehrerjanke.rocks\/wp-content\/uploads\/2022\/09\/MM_Laufwerk-H-Neuer-Ordner-300x170.png 300w, https:\/\/lehrerjanke.rocks\/wp-content\/uploads\/2022\/09\/MM_Laufwerk-H-Neuer-Ordner-768x436.png 768w, https:\/\/lehrerjanke.rocks\/wp-content\/uploads\/2022\/09\/MM_Laufwerk-H-Neuer-Ordner.png 1162w\" sizes=\"auto, (max-width: 322px) 100vw, 322px\" \/><\/figure>\n<\/div>\n<\/div>\n\n\n\n<div style=\"height:38px\" aria-hidden=\"true\" class=\"wp-block-spacer\"><\/div>\n\n\n\n<hr class=\"wp-block-separator has-alpha-channel-opacity\"\/>\n\n\n\n<div style=\"height:38px\" aria-hidden=\"true\" class=\"wp-block-spacer\"><\/div>\n\n\n\n<h3 class=\"wp-block-heading\">Aufgabe 1:<\/h3>\n\n\n\n<div class=\"wp-block-columns is-layout-flex wp-container-core-columns-is-layout-9d6595d7 wp-block-columns-is-layout-flex\">\n<div class=\"wp-block-column is-layout-flow wp-block-column-is-layout-flow\" style=\"flex-basis:66.66%\">\n<ol class=\"wp-block-list\"><li><strong>\u00d6ffne<\/strong> den <strong>Dateimanager<\/strong> (Ordner-Symbol mit deinem Namen, oben links auf deinem Desktop) und navigiere in der Schnellansicht zum Ordner <strong>H:\/<\/strong>.<\/li><li><strong>Erstelle<\/strong>, falls noch nicht vorhanden, hier einen neuen <strong>Ordne<\/strong>r f\u00fcr dieses Fach mit dem Titel <strong>Informatik<\/strong>, in den du ab jetzt alle Dokumente f\u00fcr und aus diesem Fach speicherst. <a rel=\"noreferrer noopener\" href=\"https:\/\/www.computerwissen.de\/windows\/bedienung-erleichterte-bedienung\/dateiverwaltung\/explorer\/\" target=\"_blank\">HIER<\/a> findest du eine Einf\u00fchrung in die Benutzung des Dateimanagers und <a rel=\"noreferrer noopener\" href=\"https:\/\/www.buero-kaizen.de\/ordnerstruktur\/\" target=\"_blank\">HIER<\/a> eine Strategie f\u00fcr eine gute Ordnerstruktur.<\/li><li><strong>Lade<\/strong> anschlie\u00dfend diese vier <strong>Dateien<\/strong> auf deinen Computer herunter, finde sie in deinem Dateisystem und <strong>verschiebe<\/strong> sie <strong>in<\/strong> den Ordner <strong>Informatik<\/strong>.<\/li><\/ol>\n<\/div>\n\n\n\n<div class=\"wp-block-column is-layout-flow wp-block-column-is-layout-flow\" style=\"flex-basis:33.33%\">\n<figure class=\"wp-block-image size-full\"><img loading=\"lazy\" decoding=\"async\" width=\"673\" height=\"464\" src=\"https:\/\/lehrerjanke.rocks\/wp-content\/uploads\/2022\/09\/Datei-speichern.png\" alt=\"\" class=\"wp-image-173\" srcset=\"https:\/\/lehrerjanke.rocks\/wp-content\/uploads\/2022\/09\/Datei-speichern.png 673w, https:\/\/lehrerjanke.rocks\/wp-content\/uploads\/2022\/09\/Datei-speichern-300x207.png 300w\" sizes=\"auto, (max-width: 673px) 100vw, 673px\" \/><\/figure>\n<\/div>\n<\/div>\n\n\n\n<div class=\"wp-block-file\"><a id=\"wp-block-file--media-d8f00751-8666-4c5d-9900-abe9e9c15901\" href=\"https:\/\/lehrerjanke.rocks\/wp-content\/uploads\/2022\/08\/Dokument-1.docx\">Dokument 1.docx<\/a><\/div>\n\n\n\n<div class=\"wp-block-file\"><a id=\"wp-block-file--media-6e1dd827-3bcd-4a4e-b8a1-06dfcb9e4131\" href=\"https:\/\/lehrerjanke.rocks\/wp-content\/uploads\/2022\/08\/Dokument-2.docx\">Dokument 2.docx<\/a><\/div>\n\n\n\n<div class=\"wp-block-file\"><a id=\"wp-block-file--media-a9c57ed9-15bc-4944-8225-c8ff03975081\" href=\"https:\/\/lehrerjanke.rocks\/wp-content\/uploads\/2022\/08\/Dokument-3.docx\">Dokument 3.docx<\/a><\/div>\n\n\n\n<div class=\"wp-block-file\"><a id=\"wp-block-file--media-90a08e7b-9d48-43ef-967c-96bd721d12c2\" href=\"https:\/\/lehrerjanke.rocks\/wp-content\/uploads\/2022\/08\/Dokument-4.docx\">Dokument 4.docx<\/a><\/div>\n\n\n\n<div style=\"height:5px\" aria-hidden=\"true\" class=\"wp-block-spacer\"><\/div>\n\n\n\n<ol class=\"wp-block-list\" start=\"4\"><li><strong>\u00d6ffne<\/strong> die Dokumente und schaue dir ihren Inhalt an. <strong>Schlie\u00dfe<\/strong> sie wieder und <strong>benenne<\/strong> Sie sinnvoll um (Rechsklick auf den Namen =&gt; Umbenennen).<\/li><li>\u00d6ffne anschlie\u00dfend ein beliebiges Dokument, \u00e4ndere die Seitenfarbe sinnvoll und beginne, die Regeln f\u00fcr das <a href=\"https:\/\/lehrerjanke.rocks\/index.php\/verhalten-im-computerraum\/\" data-type=\"URL\" data-id=\"https:\/\/lehrerjanke.rocks\/index.php\/verhalten-im-computerraum\/\">Verhalten im Computerraum<\/a> <strong>abzuschreiben<\/strong>.<\/li><\/ol>\n\n\n\n<div style=\"height:15px\" aria-hidden=\"true\" class=\"wp-block-spacer\"><\/div>\n\n\n\n<hr class=\"wp-block-separator has-alpha-channel-opacity\"\/>\n\n\n\n<div style=\"height:5px\" aria-hidden=\"true\" class=\"wp-block-spacer\"><\/div>\n","protected":false},"excerpt":{"rendered":"<p>Was ist ein Dateisystem? Ein Dateisystem ist ein&nbsp;Ablagesystem auf einem Speichermedium, das das Schreiben, Suchen, Lesen, Speichern, Ver\u00e4ndern und L\u00f6schen von Dateien auf eine spezifische Weise strukturiert und organisiert. Wichtig ist dabei, dass die gespeicherten Dateien leicht (wieder-) zu finden und Anwender&nbsp;schnellstm\u00f6glichen Zugriff&nbsp;auf ihre Dateien bekommen. Dateisysteme sind zudem eine wichtige Schnittstelle zwischen dem Betriebssystem &hellip; <\/p>\n<p class=\"link-more\"><a href=\"https:\/\/lehrerjanke.rocks\/index.php\/wpinf-7\/2-dateisystem-erforschen\/\" class=\"more-link\"><span class=\"screen-reader-text\">\u201e2. Dateisystem erforschen\u201c <\/span>weiterlesen<\/a><\/p>\n","protected":false},"author":1,"featured_media":0,"parent":2,"menu_order":1,"comment_status":"closed","ping_status":"closed","template":"template-full-width.php","meta":{"footnotes":""},"class_list":["post-180","page","type-page","status-publish","hentry"],"_links":{"self":[{"href":"https:\/\/lehrerjanke.rocks\/index.php\/wp-json\/wp\/v2\/pages\/180","targetHints":{"allow":["GET"]}}],"collection":[{"href":"https:\/\/lehrerjanke.rocks\/index.php\/wp-json\/wp\/v2\/pages"}],"about":[{"href":"https:\/\/lehrerjanke.rocks\/index.php\/wp-json\/wp\/v2\/types\/page"}],"author":[{"embeddable":true,"href":"https:\/\/lehrerjanke.rocks\/index.php\/wp-json\/wp\/v2\/users\/1"}],"replies":[{"embeddable":true,"href":"https:\/\/lehrerjanke.rocks\/index.php\/wp-json\/wp\/v2\/comments?post=180"}],"version-history":[{"count":13,"href":"https:\/\/lehrerjanke.rocks\/index.php\/wp-json\/wp\/v2\/pages\/180\/revisions"}],"predecessor-version":[{"id":346,"href":"https:\/\/lehrerjanke.rocks\/index.php\/wp-json\/wp\/v2\/pages\/180\/revisions\/346"}],"up":[{"embeddable":true,"href":"https:\/\/lehrerjanke.rocks\/index.php\/wp-json\/wp\/v2\/pages\/2"}],"wp:attachment":[{"href":"https:\/\/lehrerjanke.rocks\/index.php\/wp-json\/wp\/v2\/media?parent=180"}],"curies":[{"name":"wp","href":"https:\/\/api.w.org\/{rel}","templated":true}]}}