{"id":27,"date":"2022-02-10T16:51:04","date_gmt":"2022-02-10T15:51:27","guid":{"rendered":"http:\/\/lehrerjanke.rocks\/?page_id=27"},"modified":"2024-11-10T19:37:17","modified_gmt":"2024-11-10T18:37:17","slug":"informatik","status":"publish","type":"page","link":"https:\/\/lehrerjanke.rocks\/index.php\/informatik\/","title":{"rendered":"Informatik"},"content":{"rendered":"\n<p>Hallo liebe Sch\u00fcler:innen,<\/p>\n\n\n\n<p>Auf diesen Seiten findet ihr Informationen und Aufgaben f\u00fcr den Informatikunterricht. Die Seite ist noch im Aufbau, daher werden sich die einzelnen Seiten St\u00fcck f\u00fcr St\u00fcck entwickeln.<\/p>\n\n\n\n<p><\/p>\n\n\n\n<p>Ich w\u00fcnsche euch viel Spass beim Lernen!<\/p>\n\n\n\n<figure class=\"wp-block-image size-large is-resized is-style-rounded\"><img loading=\"lazy\" decoding=\"async\" src=\"https:\/\/lehrerjanke.rocks\/wp-content\/uploads\/2022\/09\/meerkat-g3aa53e6e3_1280-1024x682.jpg\" alt=\"\" class=\"wp-image-100\" width=\"841\" height=\"560\" srcset=\"https:\/\/lehrerjanke.rocks\/wp-content\/uploads\/2022\/09\/meerkat-g3aa53e6e3_1280-1024x682.jpg 1024w, https:\/\/lehrerjanke.rocks\/wp-content\/uploads\/2022\/09\/meerkat-g3aa53e6e3_1280-300x200.jpg 300w, https:\/\/lehrerjanke.rocks\/wp-content\/uploads\/2022\/09\/meerkat-g3aa53e6e3_1280-768x512.jpg 768w, https:\/\/lehrerjanke.rocks\/wp-content\/uploads\/2022\/09\/meerkat-g3aa53e6e3_1280.jpg 1280w\" sizes=\"auto, (max-width: 767px) 89vw, (max-width: 1000px) 54vw, (max-width: 1071px) 543px, 580px\" \/><\/figure>\n","protected":false},"excerpt":{"rendered":"<p>Hallo liebe Sch\u00fcler:innen, Auf diesen Seiten findet ihr Informationen und Aufgaben f\u00fcr den Informatikunterricht. Die Seite ist noch im Aufbau, daher werden sich die einzelnen Seiten St\u00fcck f\u00fcr St\u00fcck entwickeln. Ich w\u00fcnsche euch viel Spass beim Lernen!<\/p>\n","protected":false},"author":1,"featured_media":0,"parent":0,"menu_order":1,"comment_status":"closed","ping_status":"closed","template":"template-full-width.php","meta":{"footnotes":""},"class_list":["post-27","page","type-page","status-publish","hentry"],"_links":{"self":[{"href":"https:\/\/lehrerjanke.rocks\/index.php\/wp-json\/wp\/v2\/pages\/27","targetHints":{"allow":["GET"]}}],"collection":[{"href":"https:\/\/lehrerjanke.rocks\/index.php\/wp-json\/wp\/v2\/pages"}],"about":[{"href":"https:\/\/lehrerjanke.rocks\/index.php\/wp-json\/wp\/v2\/types\/page"}],"author":[{"embeddable":true,"href":"https:\/\/lehrerjanke.rocks\/index.php\/wp-json\/wp\/v2\/users\/1"}],"replies":[{"embeddable":true,"href":"https:\/\/lehrerjanke.rocks\/index.php\/wp-json\/wp\/v2\/comments?post=27"}],"version-history":[{"count":6,"href":"https:\/\/lehrerjanke.rocks\/index.php\/wp-json\/wp\/v2\/pages\/27\/revisions"}],"predecessor-version":[{"id":502,"href":"https:\/\/lehrerjanke.rocks\/index.php\/wp-json\/wp\/v2\/pages\/27\/revisions\/502"}],"wp:attachment":[{"href":"https:\/\/lehrerjanke.rocks\/index.php\/wp-json\/wp\/v2\/media?parent=27"}],"curies":[{"name":"wp","href":"https:\/\/api.w.org\/{rel}","templated":true}]}}