{"id":400,"date":"2022-11-22T21:19:04","date_gmt":"2022-11-22T20:19:04","guid":{"rendered":"https:\/\/lehrerjanke.rocks\/?page_id=400"},"modified":"2026-04-07T17:18:41","modified_gmt":"2026-04-07T15:18:41","slug":"wie-computer-arbeiten","status":"publish","type":"page","link":"https:\/\/lehrerjanke.rocks\/index.php\/informatik\/wie-computer-arbeiten\/","title":{"rendered":"8. Wie Computer arbeiten"},"content":{"rendered":"\n<figure class=\"wp-block-embed is-type-video is-provider-youtube wp-block-embed-youtube wp-embed-aspect-16-9 wp-has-aspect-ratio\"><div class=\"wp-block-embed__wrapper\">\n<iframe loading=\"lazy\" title=\"How Computers Work: Binary &amp; Data\" width=\"525\" height=\"295\" src=\"https:\/\/www.youtube.com\/embed\/USCBCmwMCDA?feature=oembed\" frameborder=\"0\" allow=\"accelerometer; autoplay; clipboard-write; encrypted-media; gyroscope; picture-in-picture; web-share\" referrerpolicy=\"strict-origin-when-cross-origin\" allowfullscreen><\/iframe>\n<\/div><\/figure>\n\n\n\n<div style=\"height:20px\" aria-hidden=\"true\" class=\"wp-block-spacer\"><\/div>\n\n\n\n<h2 class=\"wp-block-heading\"><strong>Einheiten der \u00dcbertragungsgeschwindigkeit<\/strong><\/h2>\n\n\n\n<p>Bei der Einheit <strong>Bit<\/strong> handelt es sich um die <strong>kleinste Dateneinheit<\/strong> in der Signal\u00fcbertragung. Um die aktuell g\u00e4ngigen \u00dcbertragungsraten sinnvoll anzugeben, werden meist gr\u00f6\u00dfere Einheiten genutzt wie beispeilsweise <strong>Kilobits pro Sekunde (Kbits\/s)<\/strong>, <strong>Megabits pro Sekunde (Mbits\/s)<\/strong> sowie <strong>Gigabits<\/strong> <strong>pro <\/strong>Sekunde (Gbits\/s). Sie sind Vielfache der kleinsten \u00dcbertragungseinheit. Die Einheiten k\u00f6nnen jeweils mit dem <strong>Faktor 1.000<\/strong> ineinander umgerechnet werden:<\/p>\n\n\n\n<ul class=\"wp-block-list\">\n<li>1 Kilobit = 1.000 Bit<\/li>\n\n\n\n<li>1 Megabit = 1.000 Kilobit = 1.000.000 Bit<\/li>\n\n\n\n<li>1 Gigabit = 1.000 Megabit = 1.000.000 Kilobit = 1.000.000.000 Bit<\/li>\n<\/ul>\n\n\n\n<p>Bei unseren heutigen <strong>Highspeed-Verbindungen<\/strong> sind die Kanalkapazit\u00e4ten meist weitaus h\u00f6her, sodass sich die \u00dcbertragungsgeschwindigkeit Mbit\/s als g\u00e4ngiger Standard etabliert hat. Der zunehmende Ausbau der Infrastruktur mit <strong>Hochleistungs-Glasfasernetzen<\/strong> werden sich k\u00fcnftig wohl Angaben im Gigabit-Bereich als gel\u00e4ufiger Wert etablieren.<\/p>\n\n\n\n<h2 class=\"wp-block-heading\"><strong>Hier besteht Verwechslungsgefahr: \u201eBit\u201c und \u201eByte\u201c<\/strong><\/h2>\n\n\n\n<p><strong>Grundlegende Unterscheidung<\/strong><\/p>\n\n\n\n<p>Verwechslungsgefahr besteht bei den Angaben von <strong>Bit und Byte<\/strong>. Bytes (<strong><u>B<\/u><\/strong>) werden als <strong>Messeinheit f\u00fcr die Gr\u00f6\u00dfe eines Speichers<\/strong> genutzt, beispielsweise f\u00fcr die vorhandene Speicherkapazit\u00e4t auf einem Computer oder einem USB-Stick.<\/p>\n\n\n\n<p>Der Begriff Bit (<strong><u>bit<\/u><\/strong>) steht dagegen in Zusammenhang mit der Geschwindigkeit der Daten\u00fcbertragung. Bit und Byte lassen sich jedoch ebenfalls einfach ineinander umrechnen.<\/p>\n\n\n\n<h3 class=\"wp-block-heading\">Umrechnung von Bit in Byte<\/h3>\n\n\n\n<p>Hierbei gilt: 8 Bit entsprechen einem Byte. Bei einer Geschwindigkeit von 8 Bit\/s wird also ein Byte an Daten pro Sekunde \u00fcbertragen.<\/p>\n\n\n\n<ul class=\"wp-block-list\">\n<li>1 Byte = 8 Bit<\/li>\n\n\n\n<li>1 Kilobyte (kB) = 1.000 Byte = 8.000 Bit<\/li>\n\n\n\n<li>1 Megabyte (MB) = 1.000 Kilobyte = 1.000.000 Byte = 8.000.000 Bit<\/li>\n\n\n\n<li>1 Gigabyte (GB) = 1.000 Megabyte = 1.000.000 Kilobyte = 1.000.000.000 Byte = 8.000.000.000 Bit<\/li>\n<\/ul>\n\n\n\n<p>Die Umrechnung von Bit in Byte ist vor allem dann wichtig, wenn du wissen m\u00f6chtest, wie lange ein Download oder Upload von einer gewissen Anzahl an Megabyte in Anspruch nehmen wird.<\/p>\n\n\n\n<p>Ein VDSL-Anschluss mit 50.000 Kbit\/s kann maximal 6.250 Kilobyte pro Sekunde (50.000Kbit\/s geteilt durch 8) empfangen. F\u00fcr die Umrechnung von Kilobyte in Megabyte pro Sekunde dividierst du durch 1.000 \u2013 das sin dann 6,25 Megabyte, die du mit deinem Internetanschluss in einer Sekunde maximal downloaden kannst. F\u00fcr eine 60 Megabyte Datei ben\u00f6tigst du also etwa 10 Sekunden zum Download.<\/p>\n\n\n\n<p>Arbeitsauftrag:<\/p>\n\n\n\n<ol class=\"wp-block-list\">\n<li>\u00d6ffne deine Pr\u00e4sentation und erstelle eine neue Folie mit Titel <strong>\u00dcbertragungsgeschwindigkeiten im \u00dcberblick<\/strong>.<\/li>\n\n\n\n<li>Recherchiere im Internet die aktuell g\u00e4ngigen Technologien zur Daten\u00fcbertragung (VDSL, ISDN, Glasfaser, 5G, DSL, LTE , Edge, WiFi5, WiFi6 etc.) und erstelle eine Tabelle mit den zugeh\u00f6rigen \u00dcbertragungsraten. Sortiere aufsteigend.<\/li>\n\n\n\n<li><strong>Berechne<\/strong>, wie lange die \u00dcbertragung einer DVD (4,7GB) und die \u00dcbertragung einer Blu-Ray (25GB) mit den einzelnen Technologien dauern w\u00fcrde.<\/li>\n\n\n\n<li>Welche Bandbreite (\u00dcbertragungsrate) ben\u00f6tigst du, wenn du eine Video in FullHD streamen willst? Und welche f\u00fcr 4K-Inhalte?<\/li>\n\n\n\n<li>F\u00fcge passende Bilde ein.<\/li>\n<\/ol>\n\n\n\n<p><\/p>\n","protected":false},"excerpt":{"rendered":"<p>Einheiten der \u00dcbertragungsgeschwindigkeit Bei der Einheit Bit handelt es sich um die kleinste Dateneinheit in der Signal\u00fcbertragung. Um die aktuell g\u00e4ngigen \u00dcbertragungsraten sinnvoll anzugeben, werden meist gr\u00f6\u00dfere Einheiten genutzt wie beispeilsweise Kilobits pro Sekunde (Kbits\/s), Megabits pro Sekunde (Mbits\/s) sowie Gigabits pro Sekunde (Gbits\/s). Sie sind Vielfache der kleinsten \u00dcbertragungseinheit. Die Einheiten k\u00f6nnen jeweils mit &hellip; <\/p>\n<p class=\"link-more\"><a href=\"https:\/\/lehrerjanke.rocks\/index.php\/informatik\/wie-computer-arbeiten\/\" class=\"more-link\"><span class=\"screen-reader-text\">\u201e8. Wie Computer arbeiten\u201c <\/span>weiterlesen<\/a><\/p>\n","protected":false},"author":1,"featured_media":0,"parent":27,"menu_order":8,"comment_status":"closed","ping_status":"closed","template":"template-full-width.php","meta":{"footnotes":""},"class_list":["post-400","page","type-page","status-publish","hentry"],"_links":{"self":[{"href":"https:\/\/lehrerjanke.rocks\/index.php\/wp-json\/wp\/v2\/pages\/400","targetHints":{"allow":["GET"]}}],"collection":[{"href":"https:\/\/lehrerjanke.rocks\/index.php\/wp-json\/wp\/v2\/pages"}],"about":[{"href":"https:\/\/lehrerjanke.rocks\/index.php\/wp-json\/wp\/v2\/types\/page"}],"author":[{"embeddable":true,"href":"https:\/\/lehrerjanke.rocks\/index.php\/wp-json\/wp\/v2\/users\/1"}],"replies":[{"embeddable":true,"href":"https:\/\/lehrerjanke.rocks\/index.php\/wp-json\/wp\/v2\/comments?post=400"}],"version-history":[{"count":9,"href":"https:\/\/lehrerjanke.rocks\/index.php\/wp-json\/wp\/v2\/pages\/400\/revisions"}],"predecessor-version":[{"id":572,"href":"https:\/\/lehrerjanke.rocks\/index.php\/wp-json\/wp\/v2\/pages\/400\/revisions\/572"}],"up":[{"embeddable":true,"href":"https:\/\/lehrerjanke.rocks\/index.php\/wp-json\/wp\/v2\/pages\/27"}],"wp:attachment":[{"href":"https:\/\/lehrerjanke.rocks\/index.php\/wp-json\/wp\/v2\/media?parent=400"}],"curies":[{"name":"wp","href":"https:\/\/api.w.org\/{rel}","templated":true}]}}