{"id":419,"date":"2022-12-14T22:04:04","date_gmt":"2022-12-14T21:04:44","guid":{"rendered":"https:\/\/lehrerjanke.rocks\/?page_id=419"},"modified":"2023-05-09T21:25:50","modified_gmt":"2023-05-09T19:25:50","slug":"tabellenkalkulation","status":"publish","type":"page","link":"https:\/\/lehrerjanke.rocks\/index.php\/wpinf-6\/tabellenkalkulation\/","title":{"rendered":"Tabellenkalkulation"},"content":{"rendered":"\n<h3 class=\"wp-block-heading\">Stundenplan erstellen mit Excel<\/h3>\n\n\n\n<p>Heute wollen wir mit dem Programm Excel einen Stundenplan erstellen. <\/p>\n\n\n\n<figure class=\"wp-block-image size-full\"><img loading=\"lazy\" decoding=\"async\" width=\"739\" height=\"499\" src=\"https:\/\/lehrerjanke.rocks\/wp-content\/uploads\/2022\/12\/Stundenplan.jpg\" alt=\"\" class=\"wp-image-420\" srcset=\"https:\/\/lehrerjanke.rocks\/wp-content\/uploads\/2022\/12\/Stundenplan.jpg 739w, https:\/\/lehrerjanke.rocks\/wp-content\/uploads\/2022\/12\/Stundenplan-300x203.jpg 300w\" sizes=\"auto, (max-width: 739px) 100vw, 739px\" \/><\/figure>\n\n\n\n<h3 class=\"wp-block-heading\">Aufgabe<\/h3>\n\n\n\n<ol class=\"wp-block-list\">\n<li>Lade dazu das folgende Dokument herunter und \u00f6ffne das Dokument.\n<ul class=\"wp-block-list\">\n<li><\/li>\n<\/ul>\n<\/li>\n<\/ol>\n\n\n\n<div class=\"wp-block-file\"><a id=\"wp-block-file--media-2314a7c2-0af1-43dd-aeb2-f135cacbb343\" href=\"https:\/\/lehrerjanke.rocks\/wp-content\/uploads\/2023\/05\/Stundenplan.xlsx\">Stundenplan<\/a><a href=\"https:\/\/lehrerjanke.rocks\/wp-content\/uploads\/2023\/05\/Stundenplan.xlsx\" class=\"wp-block-file__button wp-element-button\" download aria-describedby=\"wp-block-file--media-2314a7c2-0af1-43dd-aeb2-f135cacbb343\">Herunterladen<\/a><\/div>\n\n\n\n<ol class=\"wp-block-list\" start=\"2\">\n<li>Bearbeite die Tabelle jetzt, bis sie der Abbildung \u00e4hnelt.<br><br><strong>Hier einige Hinweise:<\/strong><\/li>\n<\/ol>\n\n\n\n<div class=\"wp-block-columns is-layout-flex wp-container-core-columns-is-layout-9d6595d7 wp-block-columns-is-layout-flex\">\n<div class=\"wp-block-column is-layout-flow wp-block-column-is-layout-flow\" style=\"flex-basis:66.66%\">\n<p><strong>Spaltenbreite und Zeilenh\u00f6he erinstellen<\/strong><\/p>\n\n\n\n<p>Du kannst die Breite der Spalten und die H\u00f6he der Zeilen einstellen, wenn du mit der Maus \u00fcber die Koordinatenfelder gehst. Wenn scih der Mauszeige zu einem Doppelpfeil \u00e4ndert, dr\u00fccke und ziehe die Zeile (oder Spalte) auf die gew\u00fcnschte H\u00f6he (oder Breite).<\/p>\n<\/div>\n\n\n\n<div class=\"wp-block-column is-layout-flow wp-block-column-is-layout-flow\" style=\"flex-basis:33.33%\">\n<figure class=\"wp-block-image size-full\"><img loading=\"lazy\" decoding=\"async\" width=\"533\" height=\"450\" src=\"https:\/\/lehrerjanke.rocks\/wp-content\/uploads\/2022\/12\/Spaltenbreite-Zeilenhoehe.jpg\" alt=\"\" class=\"wp-image-422\" srcset=\"https:\/\/lehrerjanke.rocks\/wp-content\/uploads\/2022\/12\/Spaltenbreite-Zeilenhoehe.jpg 533w, https:\/\/lehrerjanke.rocks\/wp-content\/uploads\/2022\/12\/Spaltenbreite-Zeilenhoehe-300x253.jpg 300w\" sizes=\"auto, (max-width: 533px) 100vw, 533px\" \/><\/figure>\n<\/div>\n<\/div>\n\n\n\n<div class=\"wp-block-columns is-layout-flex wp-container-core-columns-is-layout-9d6595d7 wp-block-columns-is-layout-flex\">\n<div class=\"wp-block-column is-layout-flow wp-block-column-is-layout-flow\" style=\"flex-basis:33.33%\">\n<figure class=\"wp-block-image size-full\"><img loading=\"lazy\" decoding=\"async\" width=\"397\" height=\"165\" src=\"https:\/\/lehrerjanke.rocks\/wp-content\/uploads\/2023\/05\/Zellen-verbinden.jpg\" alt=\"\" class=\"wp-image-491\" srcset=\"https:\/\/lehrerjanke.rocks\/wp-content\/uploads\/2023\/05\/Zellen-verbinden.jpg 397w, https:\/\/lehrerjanke.rocks\/wp-content\/uploads\/2023\/05\/Zellen-verbinden-300x125.jpg 300w\" sizes=\"auto, (max-width: 397px) 100vw, 397px\" \/><\/figure>\n<\/div>\n\n\n\n<div class=\"wp-block-column is-layout-flow wp-block-column-is-layout-flow\" style=\"flex-basis:66.66%\">\n<p><strong>Mehrere Zellen verbinden<\/strong><\/p>\n\n\n\n<p>Um mehrere, benachtbarte Zellen zu einer gr\u00f6\u00dferen zusammenzufassen, kannst du diese Zellen markieren und \u00fcber das Kontektmen\u00fc (Rechtsklick) die <strong>Zellen verbinden<\/strong>.<\/p>\n<\/div>\n<\/div>\n\n\n\n<div class=\"wp-block-columns is-layout-flex wp-container-core-columns-is-layout-9d6595d7 wp-block-columns-is-layout-flex\">\n<div class=\"wp-block-column is-layout-flow wp-block-column-is-layout-flow\" style=\"flex-basis:66.66%\">\n<p><strong>Zellen einrahmen<\/strong><\/p>\n\n\n\n<p>Du kannst eine Tabelle strukturieren, indem du bestimmte Zellen umrahmst. Du findest diese Funktion im Men\u00fc oben rechts,<\/p>\n<\/div>\n\n\n\n<div class=\"wp-block-column is-layout-flow wp-block-column-is-layout-flow\" style=\"flex-basis:33.33%\">\n<figure class=\"wp-block-image size-full\"><img loading=\"lazy\" decoding=\"async\" width=\"269\" height=\"359\" src=\"https:\/\/lehrerjanke.rocks\/wp-content\/uploads\/2023\/05\/Rahmen.jpg\" alt=\"\" class=\"wp-image-492\" srcset=\"https:\/\/lehrerjanke.rocks\/wp-content\/uploads\/2023\/05\/Rahmen.jpg 269w, https:\/\/lehrerjanke.rocks\/wp-content\/uploads\/2023\/05\/Rahmen-225x300.jpg 225w\" sizes=\"auto, (max-width: 269px) 100vw, 269px\" \/><\/figure>\n<\/div>\n<\/div>\n\n\n\n<ol class=\"wp-block-list\" start=\"3\">\n<li>Erstelle deinen aktuellen Stundenplan.<\/li>\n<\/ol>\n","protected":false},"excerpt":{"rendered":"<p>Stundenplan erstellen mit Excel Heute wollen wir mit dem Programm Excel einen Stundenplan erstellen. Aufgabe Spaltenbreite und Zeilenh\u00f6he erinstellen Du kannst die Breite der Spalten und die H\u00f6he der Zeilen einstellen, wenn du mit der Maus \u00fcber die Koordinatenfelder gehst. Wenn scih der Mauszeige zu einem Doppelpfeil \u00e4ndert, dr\u00fccke und ziehe die Zeile (oder Spalte) &hellip; <\/p>\n<p class=\"link-more\"><a href=\"https:\/\/lehrerjanke.rocks\/index.php\/wpinf-6\/tabellenkalkulation\/\" class=\"more-link\"><span class=\"screen-reader-text\">\u201eTabellenkalkulation\u201c <\/span>weiterlesen<\/a><\/p>\n","protected":false},"author":1,"featured_media":0,"parent":23,"menu_order":1,"comment_status":"closed","ping_status":"closed","template":"","meta":{"footnotes":""},"class_list":["post-419","page","type-page","status-publish","hentry"],"_links":{"self":[{"href":"https:\/\/lehrerjanke.rocks\/index.php\/wp-json\/wp\/v2\/pages\/419","targetHints":{"allow":["GET"]}}],"collection":[{"href":"https:\/\/lehrerjanke.rocks\/index.php\/wp-json\/wp\/v2\/pages"}],"about":[{"href":"https:\/\/lehrerjanke.rocks\/index.php\/wp-json\/wp\/v2\/types\/page"}],"author":[{"embeddable":true,"href":"https:\/\/lehrerjanke.rocks\/index.php\/wp-json\/wp\/v2\/users\/1"}],"replies":[{"embeddable":true,"href":"https:\/\/lehrerjanke.rocks\/index.php\/wp-json\/wp\/v2\/comments?post=419"}],"version-history":[{"count":3,"href":"https:\/\/lehrerjanke.rocks\/index.php\/wp-json\/wp\/v2\/pages\/419\/revisions"}],"predecessor-version":[{"id":493,"href":"https:\/\/lehrerjanke.rocks\/index.php\/wp-json\/wp\/v2\/pages\/419\/revisions\/493"}],"up":[{"embeddable":true,"href":"https:\/\/lehrerjanke.rocks\/index.php\/wp-json\/wp\/v2\/pages\/23"}],"wp:attachment":[{"href":"https:\/\/lehrerjanke.rocks\/index.php\/wp-json\/wp\/v2\/media?parent=419"}],"curies":[{"name":"wp","href":"https:\/\/api.w.org\/{rel}","templated":true}]}}