{"id":439,"date":"2023-04-11T19:16:13","date_gmt":"2023-04-11T17:16:13","guid":{"rendered":"https:\/\/lehrerjanke.rocks\/?page_id=439"},"modified":"2023-04-11T19:29:59","modified_gmt":"2023-04-11T17:29:59","slug":"osterbrief-erstellen","status":"publish","type":"page","link":"https:\/\/lehrerjanke.rocks\/index.php\/wpinf-6\/osterbrief-erstellen\/","title":{"rendered":"Osterbrief erstellen"},"content":{"rendered":"\n<p>Die Osterferien sind vorbei. Ihr hab euch hoffentlich ein bisschen erholt.<\/p>\n\n\n\n<p>Heute werdet ihr einen Brief an eine Person eurer Wahl schreiben und \u00fcber eure Aktivit\u00e4ten in den Ferien berichten.<\/p>\n\n\n\n<p>Aufgabe<\/p>\n\n\n\n<ol class=\"wp-block-list\">\n<li>Starte Word von deinem Desktop und erstelle ein neues <strong>Leeres Dokument<\/strong>.<\/li>\n\n\n\n<li>Schreibe als erstes eine \u00dcberschrift z.B. <strong>Mein Osterbrief<\/strong>.<\/li>\n\n\n\n<li>Schreibe nun einen Brief an eine Person deiner Wahl. Berichte \u00fcber die Ereignisse in deinen Osterferien ( eine Reise, ein Besuch, ein besonderer Ausflug, Ostergeschenke). Achte auf die <strong>Rechtschreibung<\/strong>.<\/li>\n\n\n\n<li>Formatiere deinen Brief mit einer sch\u00f6nen Schriftart und \u00e4ndere die Schriftgr\u00f6\u00dfe auf 14.<\/li>\n\n\n\n<li>F\u00fcge mindestens 3 passende Bilder in deinen Brief ein. Nutze dazu das Men\u00fc <strong>Einf\u00fcgen -&gt; Bilder -&gt; Onlinebilder<\/strong>.<\/li>\n\n\n\n<li>Speichere das Dokument. Gehe dazu zum Men\u00fc <strong>Datei -&gt; Speichern unter<\/strong>.  Gib deinem Dokument einen <strong>Namen<\/strong> z.B. Osterbrief. Klicke anschlie\u00dfend auf <strong>Durchsuchen<\/strong> und navigiere zum deinem Verzeichnis ( <strong>H:\/<\/strong> ). <strong>Speichere<\/strong> dein Dokument.<\/li>\n<\/ol>\n\n\n\n<p><\/p>\n\n\n\n<figure class=\"wp-block-image size-full is-resized is-style-default\"><img loading=\"lazy\" decoding=\"async\" src=\"https:\/\/lehrerjanke.rocks\/wp-content\/uploads\/2023\/04\/Dialog-Speichern-unter.jpg\" alt=\"\" class=\"wp-image-440\" width=\"2000\" height=\"929\" srcset=\"https:\/\/lehrerjanke.rocks\/wp-content\/uploads\/2023\/04\/Dialog-Speichern-unter.jpg 2000w, https:\/\/lehrerjanke.rocks\/wp-content\/uploads\/2023\/04\/Dialog-Speichern-unter-300x139.jpg 300w, https:\/\/lehrerjanke.rocks\/wp-content\/uploads\/2023\/04\/Dialog-Speichern-unter-1024x476.jpg 1024w, https:\/\/lehrerjanke.rocks\/wp-content\/uploads\/2023\/04\/Dialog-Speichern-unter-768x357.jpg 768w, https:\/\/lehrerjanke.rocks\/wp-content\/uploads\/2023\/04\/Dialog-Speichern-unter-1536x713.jpg 1536w\" sizes=\"auto, (max-width: 767px) 89vw, (max-width: 1000px) 54vw, (max-width: 1071px) 543px, 580px\" \/><\/figure>\n\n\n\n<div style=\"height:24px\" aria-hidden=\"true\" class=\"wp-block-spacer\"><\/div>\n\n\n\n<p>Hier ist ein Beispiel, wie ein solcher Brief aussehen k\u00f6nnte.<\/p>\n\n\n\n<figure class=\"wp-block-image size-full is-resized\"><img loading=\"lazy\" decoding=\"async\" src=\"https:\/\/lehrerjanke.rocks\/wp-content\/uploads\/2023\/04\/Beispiel-Osterbrief.jpg\" alt=\"\" class=\"wp-image-441\" width=\"549\" height=\"780\" srcset=\"https:\/\/lehrerjanke.rocks\/wp-content\/uploads\/2023\/04\/Beispiel-Osterbrief.jpg 549w, https:\/\/lehrerjanke.rocks\/wp-content\/uploads\/2023\/04\/Beispiel-Osterbrief-211x300.jpg 211w\" sizes=\"auto, (max-width: 549px) 100vw, 549px\" \/><\/figure>\n","protected":false},"excerpt":{"rendered":"<p>Die Osterferien sind vorbei. Ihr hab euch hoffentlich ein bisschen erholt. Heute werdet ihr einen Brief an eine Person eurer Wahl schreiben und \u00fcber eure Aktivit\u00e4ten in den Ferien berichten. Aufgabe Hier ist ein Beispiel, wie ein solcher Brief aussehen k\u00f6nnte.<\/p>\n","protected":false},"author":1,"featured_media":0,"parent":23,"menu_order":0,"comment_status":"closed","ping_status":"closed","template":"","meta":{"footnotes":""},"class_list":["post-439","page","type-page","status-publish","hentry"],"_links":{"self":[{"href":"https:\/\/lehrerjanke.rocks\/index.php\/wp-json\/wp\/v2\/pages\/439","targetHints":{"allow":["GET"]}}],"collection":[{"href":"https:\/\/lehrerjanke.rocks\/index.php\/wp-json\/wp\/v2\/pages"}],"about":[{"href":"https:\/\/lehrerjanke.rocks\/index.php\/wp-json\/wp\/v2\/types\/page"}],"author":[{"embeddable":true,"href":"https:\/\/lehrerjanke.rocks\/index.php\/wp-json\/wp\/v2\/users\/1"}],"replies":[{"embeddable":true,"href":"https:\/\/lehrerjanke.rocks\/index.php\/wp-json\/wp\/v2\/comments?post=439"}],"version-history":[{"count":6,"href":"https:\/\/lehrerjanke.rocks\/index.php\/wp-json\/wp\/v2\/pages\/439\/revisions"}],"predecessor-version":[{"id":449,"href":"https:\/\/lehrerjanke.rocks\/index.php\/wp-json\/wp\/v2\/pages\/439\/revisions\/449"}],"up":[{"embeddable":true,"href":"https:\/\/lehrerjanke.rocks\/index.php\/wp-json\/wp\/v2\/pages\/23"}],"wp:attachment":[{"href":"https:\/\/lehrerjanke.rocks\/index.php\/wp-json\/wp\/v2\/media?parent=439"}],"curies":[{"name":"wp","href":"https:\/\/api.w.org\/{rel}","templated":true}]}}