{"id":48,"date":"2022-08-31T21:16:09","date_gmt":"2022-08-31T19:16:09","guid":{"rendered":"http:\/\/lehrerjanke.rocks\/?page_id=48"},"modified":"2022-09-28T15:42:33","modified_gmt":"2022-09-28T13:42:33","slug":"verhalten-im-computerraum","status":"publish","type":"page","link":"https:\/\/lehrerjanke.rocks\/index.php\/verhalten-im-computerraum\/","title":{"rendered":"Verhalten im Computerraum"},"content":{"rendered":"\n<ol class=\"wp-block-list\"><li>Ein Aufenthalt im Computerraum ist nur in Anwesenheit einer Aufsicht f\u00fchrenden Lehrperson gestattet.<\/li><li>Das Einnehmen von <strong>Speisen<\/strong> oder <strong>Getr\u00e4nken<\/strong> im Computerraum ist <mark style=\"background-color:rgba(0, 0, 0, 0)\" class=\"has-inline-color has-vivid-red-color\">grunds\u00e4tzlich nicht gestattet<\/mark>.<\/li><li>Das Inventar muss <mark style=\"background-color:rgba(0, 0, 0, 0)\" class=\"has-inline-color has-vivid-green-cyan-color\"><strong>pfleglich<\/strong><\/mark> behandelt werden. Bei mutwilliger Besch\u00e4digung haftet der Verursacher.<\/li><li>Inbetriebnahme und Au\u00dferbetriebnahme der Ger\u00e4te muss auf Anweisung und <mark style=\"background-color:rgba(0, 0, 0, 0);color:#0763e3\" class=\"has-inline-color\"><strong>vorschriftsm\u00e4\u00dfig<\/strong><\/mark> geschehen.<\/li><li>Die <mark style=\"background-color:rgba(0, 0, 0, 0)\" class=\"has-inline-color has-luminous-vivid-orange-color\"><strong>Passw\u00f6rter<\/strong><\/mark> der Benutzer sind <strong><mark style=\"background-color:rgba(0, 0, 0, 0)\" class=\"has-inline-color has-luminous-vivid-orange-color\">geheim<\/mark>.<\/strong> Die Weitergabe ist verboten. Das Arbeiten unter einer fremden Kennung ist ebenfalls untersagt und hat den Entzug der Zugangsberechtigung zur Folge.<\/li><li>Jegliche Arten von Speichermedien d\u00fcrfen nur nach Aufforderung der Lehrkraft verwendet werden. Alle Nutzer verpflichten sich, auch Zuhause f\u00fcr einen angemessen Virenschutz zu sorgen.<\/li><li>\u00c4nderungen an Hard- und vor allem Software d\u00fcrfen nur auf Anweisung der Lehrkraft erfolgen. Sch\u00e4den an Hard- und Software sind unverz\u00fcglich der Lehrkraft zu melden.<\/li><li>Den Arbeitsplatz (Monitor, Tastatur, Maus, Tisch und Stuhl) immer in aufger\u00e4umtem Zustand verlassen.<\/li><\/ol>\n","protected":false},"excerpt":{"rendered":"<p>Ein Aufenthalt im Computerraum ist nur in Anwesenheit einer Aufsicht f\u00fchrenden Lehrperson gestattet. Das Einnehmen von Speisen oder Getr\u00e4nken im Computerraum ist grunds\u00e4tzlich nicht gestattet. Das Inventar muss pfleglich behandelt werden. Bei mutwilliger Besch\u00e4digung haftet der Verursacher. Inbetriebnahme und Au\u00dferbetriebnahme der Ger\u00e4te muss auf Anweisung und vorschriftsm\u00e4\u00dfig geschehen. Die Passw\u00f6rter der Benutzer sind geheim. Die &hellip; <\/p>\n<p class=\"link-more\"><a href=\"https:\/\/lehrerjanke.rocks\/index.php\/verhalten-im-computerraum\/\" class=\"more-link\"><span class=\"screen-reader-text\">\u201eVerhalten im Computerraum\u201c <\/span>weiterlesen<\/a><\/p>\n","protected":false},"author":1,"featured_media":0,"parent":0,"menu_order":8,"comment_status":"closed","ping_status":"closed","template":"template-full-width.php","meta":{"footnotes":""},"class_list":["post-48","page","type-page","status-publish","hentry"],"_links":{"self":[{"href":"https:\/\/lehrerjanke.rocks\/index.php\/wp-json\/wp\/v2\/pages\/48","targetHints":{"allow":["GET"]}}],"collection":[{"href":"https:\/\/lehrerjanke.rocks\/index.php\/wp-json\/wp\/v2\/pages"}],"about":[{"href":"https:\/\/lehrerjanke.rocks\/index.php\/wp-json\/wp\/v2\/types\/page"}],"author":[{"embeddable":true,"href":"https:\/\/lehrerjanke.rocks\/index.php\/wp-json\/wp\/v2\/users\/1"}],"replies":[{"embeddable":true,"href":"https:\/\/lehrerjanke.rocks\/index.php\/wp-json\/wp\/v2\/comments?post=48"}],"version-history":[{"count":7,"href":"https:\/\/lehrerjanke.rocks\/index.php\/wp-json\/wp\/v2\/pages\/48\/revisions"}],"predecessor-version":[{"id":433,"href":"https:\/\/lehrerjanke.rocks\/index.php\/wp-json\/wp\/v2\/pages\/48\/revisions\/433"}],"wp:attachment":[{"href":"https:\/\/lehrerjanke.rocks\/index.php\/wp-json\/wp\/v2\/media?parent=48"}],"curies":[{"name":"wp","href":"https:\/\/api.w.org\/{rel}","templated":true}]}}