{"id":520,"date":"2026-02-15T21:54:35","date_gmt":"2026-02-15T20:54:35","guid":{"rendered":"https:\/\/lehrerjanke.rocks\/index.php\/informatik\/funktion-internet-2-2\/"},"modified":"2026-03-04T10:26:13","modified_gmt":"2026-03-04T09:26:13","slug":"funktion-internet-2-2","status":"publish","type":"page","link":"https:\/\/lehrerjanke.rocks\/index.php\/informatik\/funktion-internet-2-2\/","title":{"rendered":"4. Aufbau von Netzwerken &#8211; Teil 2"},"content":{"rendered":"\n<h2 class=\"wp-block-heading\">4.1 IP-Adressen<\/h2>\n\n\n\n<p>F\u00fcr die Adressierung von Rechnern (und anderen Netzwerkeinheiten) in lokalen Netzwerken und im Internet benutzt man ein spezielles Adressierungsverfahren, das IP-Adressierung genannt wird. Bei diesem Adressierungsverfahren werden (in der IPv4-Version) Folgen von 4 Bytes zur Bildung von Adressen benutzt. Eine IP-Adresse ist demach eine Folge von 32 Bits.<\/p>\n\n\n\n<figure class=\"wp-block-image size-full\"><img loading=\"lazy\" decoding=\"async\" width=\"953\" height=\"348\" src=\"https:\/\/lehrerjanke.rocks\/wp-content\/uploads\/2026\/02\/Aufbau-IP-Adresse-1.png\" alt=\"\" class=\"wp-image-538\" srcset=\"https:\/\/lehrerjanke.rocks\/wp-content\/uploads\/2026\/02\/Aufbau-IP-Adresse-1.png 953w, https:\/\/lehrerjanke.rocks\/wp-content\/uploads\/2026\/02\/Aufbau-IP-Adresse-1-300x110.png 300w, https:\/\/lehrerjanke.rocks\/wp-content\/uploads\/2026\/02\/Aufbau-IP-Adresse-1-768x280.png 768w\" sizes=\"auto, (max-width: 767px) 89vw, (max-width: 1000px) 54vw, (max-width: 1071px) 543px, 580px\" \/><\/figure>\n\n\n\n<p>Den in einem Teilnetz einheitlichen ersten Adressenabschnitt nennt man Netzwerkteil einer IP-Adresse. Der zweite Adressenabschnitt dient der Unterscheidung der einzelnen Rechner innerhalb eines Teilnetzes und hei\u00dft Ger\u00e4teteil einer IP-Adresse.<\/p>\n\n\n\n<p>Durch die Aufteilung von IP-Adressen in Ger\u00e4te- und Netzwerkteil l\u00e4sst sich jeder Rechner \u00fcber seine IP-Adresse eindeutig einem Teilnetz zuordnen.<\/p>\n\n\n\n<p>Dieses Video erkl\u00e4rt die Funktion der IP-Adressen noch einmal genau (ab 6:37 min). Du kannst gern das ganze Video schauen, es enth\u00e4lt weitere spannende und interessante Fakten zur Funktion von NEtzwerken.<\/p>\n\n\n\n<figure class=\"wp-block-embed is-type-video is-provider-youtube wp-block-embed-youtube wp-embed-aspect-16-9 wp-has-aspect-ratio\"><div class=\"wp-block-embed__wrapper\">\n<iframe loading=\"lazy\" title=\"Informatik 08 02 - Protokolle - Netzwerkbestandteile - IP -\" width=\"525\" height=\"295\" src=\"https:\/\/www.youtube.com\/embed\/BtD0-Wg7Sh0?feature=oembed\" frameborder=\"0\" allow=\"accelerometer; autoplay; clipboard-write; encrypted-media; gyroscope; picture-in-picture; web-share\" referrerpolicy=\"strict-origin-when-cross-origin\" allowfullscreen><\/iframe>\n<\/div><\/figure>\n\n\n\n<h2 class=\"wp-block-heading\">Aufgabe 1:<\/h2>\n\n\n\n<div class=\"wp-block-columns is-layout-flex wp-container-core-columns-is-layout-9d6595d7 wp-block-columns-is-layout-flex\">\n<div class=\"wp-block-column is-layout-flow wp-block-column-is-layout-flow\" style=\"flex-basis:66.66%\">\n<ol class=\"wp-block-list\">\n<li>Benenne die M\u00f6glichkeiten, mit welchen Rechner im Netzwerk verbunden sein k\u00f6nnen.<\/li>\n\n\n\n<li>Erkl\u00e4re die informatische Bedeutung des Wortes \u201eProtokoll\u201c.<\/li>\n\n\n\n<li>Benenne die zwei Teilnehmer, die immer an einer Kommunikation teilnehmen.<\/li>\n\n\n\n<li>Erl\u00e4utere den Grund, weshalb ein Regelwerk f\u00fcr die Kommunikation von Computern wichtig ist (wenn sie bspw. mit einer Telefonkonferenz mit vielen Teilnehmern vergleicht).<\/li>\n\n\n\n<li>Erkl\u00e4re die Aufgabe eines Switch im Netzwerk.<\/li>\n\n\n\n<li>Erl\u00e4utere die Abk\u00fcrzung \u201eLAN\u201c.<\/li>\n\n\n\n<li>Im Alltag k\u00f6nnte man IP Adressen z.B. mit Hausnummern bzw. Postadressen vergleichen. Nenne weitere Beispiele aus dem Alltag, bei dem eine eindeutige \/ genaue \u201eAdresse\u201c notwendig ist.<\/li>\n\n\n\n<li>Begr\u00fcnde, warum es notwendig ist, dass jedes Ger\u00e4t in einem Netzwerk eine eigene IP hat.<\/li>\n\n\n\n<li>Erl\u00e4utere den Aufbau von IPv4 Adressen, gib ein Beispiel und nenne den Adressbereich (Minimum &#8211; Maximum).<\/li>\n\n\n\n<li>In einem Netzwerk sind 10 Computer miteinander verbunden. Welche 4 verschiedenen Probleme wird es mit folgenden IPs geben? (siehe Kasten)<\/li>\n\n\n\n<li>Begr\u00fcnde, warum die neuere IPv6 eingef\u00fchrt wurde.<\/li>\n<\/ol>\n<\/div>\n\n\n\n<div class=\"wp-block-column is-layout-flow wp-block-column-is-layout-flow\" style=\"flex-basis:33.33%\">\n<figure class=\"wp-block-image size-full\"><img loading=\"lazy\" decoding=\"async\" width=\"245\" height=\"466\" src=\"https:\/\/lehrerjanke.rocks\/wp-content\/uploads\/2026\/02\/IP-Adressen.jpg\" alt=\"\" class=\"wp-image-532\" srcset=\"https:\/\/lehrerjanke.rocks\/wp-content\/uploads\/2026\/02\/IP-Adressen.jpg 245w, https:\/\/lehrerjanke.rocks\/wp-content\/uploads\/2026\/02\/IP-Adressen-158x300.jpg 158w\" sizes=\"auto, (max-width: 245px) 100vw, 245px\" \/><\/figure>\n<\/div>\n<\/div>\n\n\n\n<h2 class=\"wp-block-heading\">4.2 Client-Server-Prinzip<\/h2>\n\n\n\n<figure class=\"wp-block-embed is-type-video is-provider-youtube wp-block-embed-youtube wp-embed-aspect-16-9 wp-has-aspect-ratio\"><div class=\"wp-block-embed__wrapper\">\n<iframe loading=\"lazy\" title=\"05 Client Server Modell\" width=\"525\" height=\"295\" src=\"https:\/\/www.youtube.com\/embed\/8THLsQDjHxE?feature=oembed\" frameborder=\"0\" allow=\"accelerometer; autoplay; clipboard-write; encrypted-media; gyroscope; picture-in-picture; web-share\" referrerpolicy=\"strict-origin-when-cross-origin\" allowfullscreen><\/iframe>\n<\/div><\/figure>\n\n\n\n<h2 class=\"wp-block-heading\">Aufgabe 2<\/h2>\n\n\n\n<p>Hallo! Echo!<\/p>\n\n\n\n<ol class=\"wp-block-list\">\n<li>Installiere auf dem Server 0.12 einen Echo-Server und starte diesen auf dem voreingestellten Port 55555.<\/li>\n\n\n\n<li>Installiere auf dem Client Rechner 0.10 einen \u201eEinfachen Client\u201c und verbinde diesen mit dem Echo-Server (Achtung &#8211; richti ge IP eingeben!).<\/li>\n\n\n\n<li>Sende vom Client (Rechner 0.10) einige Textnachrichten und beobachte den Effekt. Schaue dir auch die Netzwerkaktivit\u00e4t im Datenaustausch-Fenster des Clients an.<\/li>\n\n\n\n<li>Was ist die Aufgabe eines Echo-Servers?<\/li>\n<\/ol>\n\n\n\n<div class=\"wp-block-columns is-layout-flex wp-container-core-columns-is-layout-9d6595d7 wp-block-columns-is-layout-flex\">\n<div class=\"wp-block-column is-layout-flow wp-block-column-is-layout-flow\" style=\"flex-basis:25%\">\n<div class=\"wp-block-buttons is-layout-flex wp-block-buttons-is-layout-flex\">\n<div class=\"wp-block-button is-style-outline is-style-outline--1\"><a class=\"wp-block-button__link wp-element-button\" href=\"https:\/\/lehrerjanke.rocks\/index.php\/informatik\/aufbau-netzwerk-1\/\">zur\u00fcck<\/a><\/div>\n<\/div>\n<\/div>\n\n\n\n<div class=\"wp-block-column is-layout-flow wp-block-column-is-layout-flow\" style=\"flex-basis:50%\">\n<div class=\"wp-block-columns is-layout-flex wp-container-core-columns-is-layout-9d6595d7 wp-block-columns-is-layout-flex\">\n<div class=\"wp-block-column is-layout-flow wp-block-column-is-layout-flow\"><\/div>\n\n\n\n<div class=\"wp-block-column is-layout-flow wp-block-column-is-layout-flow\"><\/div>\n\n\n\n<div class=\"wp-block-column is-layout-flow wp-block-column-is-layout-flow\"><\/div>\n<\/div>\n\n\n\n<p><\/p>\n<\/div>\n\n\n\n<div class=\"wp-block-column is-layout-flow wp-block-column-is-layout-flow\" style=\"flex-basis:25%\">\n<div class=\"wp-block-buttons is-layout-flex wp-block-buttons-is-layout-flex\">\n<div class=\"wp-block-button is-style-outline is-style-outline--2\"><a class=\"wp-block-button__link wp-element-button\" href=\"https:\/\/lehrerjanke.rocks\/index.php\/informatik-7gym\/das-internet\/\">weiter<\/a><\/div>\n<\/div>\n<\/div>\n<\/div>\n\n\n\n<p><\/p>\n","protected":false},"excerpt":{"rendered":"<p>4.1 IP-Adressen F\u00fcr die Adressierung von Rechnern (und anderen Netzwerkeinheiten) in lokalen Netzwerken und im Internet benutzt man ein spezielles Adressierungsverfahren, das IP-Adressierung genannt wird. Bei diesem Adressierungsverfahren werden (in der IPv4-Version) Folgen von 4 Bytes zur Bildung von Adressen benutzt. Eine IP-Adresse ist demach eine Folge von 32 Bits. Den in einem Teilnetz einheitlichen &hellip; <\/p>\n<p class=\"link-more\"><a href=\"https:\/\/lehrerjanke.rocks\/index.php\/informatik\/funktion-internet-2-2\/\" class=\"more-link\"><span class=\"screen-reader-text\">\u201e4. Aufbau von Netzwerken &#8211; Teil 2\u201c <\/span>weiterlesen<\/a><\/p>\n","protected":false},"author":1,"featured_media":0,"parent":27,"menu_order":4,"comment_status":"closed","ping_status":"closed","template":"template-full-width.php","meta":{"footnotes":""},"class_list":["post-520","page","type-page","status-publish","hentry"],"_links":{"self":[{"href":"https:\/\/lehrerjanke.rocks\/index.php\/wp-json\/wp\/v2\/pages\/520","targetHints":{"allow":["GET"]}}],"collection":[{"href":"https:\/\/lehrerjanke.rocks\/index.php\/wp-json\/wp\/v2\/pages"}],"about":[{"href":"https:\/\/lehrerjanke.rocks\/index.php\/wp-json\/wp\/v2\/types\/page"}],"author":[{"embeddable":true,"href":"https:\/\/lehrerjanke.rocks\/index.php\/wp-json\/wp\/v2\/users\/1"}],"replies":[{"embeddable":true,"href":"https:\/\/lehrerjanke.rocks\/index.php\/wp-json\/wp\/v2\/comments?post=520"}],"version-history":[{"count":6,"href":"https:\/\/lehrerjanke.rocks\/index.php\/wp-json\/wp\/v2\/pages\/520\/revisions"}],"predecessor-version":[{"id":569,"href":"https:\/\/lehrerjanke.rocks\/index.php\/wp-json\/wp\/v2\/pages\/520\/revisions\/569"}],"up":[{"embeddable":true,"href":"https:\/\/lehrerjanke.rocks\/index.php\/wp-json\/wp\/v2\/pages\/27"}],"wp:attachment":[{"href":"https:\/\/lehrerjanke.rocks\/index.php\/wp-json\/wp\/v2\/media?parent=520"}],"curies":[{"name":"wp","href":"https:\/\/api.w.org\/{rel}","templated":true}]}}