{"id":53,"date":"2022-08-31T21:17:46","date_gmt":"2022-08-31T19:17:46","guid":{"rendered":"http:\/\/lehrerjanke.rocks\/?page_id=53"},"modified":"2026-02-15T21:51:08","modified_gmt":"2026-02-15T20:51:08","slug":"dateisystem-erforschen","status":"publish","type":"page","link":"https:\/\/lehrerjanke.rocks\/index.php\/informatik\/dateisystem-erforschen\/","title":{"rendered":"1. Dateisystem erforschen"},"content":{"rendered":"\n<h2 class=\"wp-block-heading\">Was ist ein Dateisystem?<\/h2>\n\n\n\n<p>Ein Dateisystem ist ein&nbsp;<strong>Ablagesystem auf einem Speichermedium<\/strong>, das das Schreiben, Suchen, Lesen, Speichern, Ver\u00e4ndern und L\u00f6schen von Dateien auf eine spezifische Weise strukturiert und organisiert.<\/p>\n\n\n\n<div class=\"wp-block-columns is-layout-flex wp-container-core-columns-is-layout-9d6595d7 wp-block-columns-is-layout-flex\">\n<div class=\"wp-block-column is-layout-flow wp-block-column-is-layout-flow\" style=\"flex-basis:66.66%\">\n<p>Wichtig ist dabei es, dass die gespeicherten Dateien leicht (wieder-) zu finden und  Anwender&nbsp;<strong>schnellstm\u00f6glichen Zugriff<\/strong>&nbsp;auf ihre Dateien bekommen.<\/p>\n\n\n\n<p>Dateisysteme sind zudem eine wichtige Schnittstelle zwischen dem Betriebssystem und allen <strong>angeschlossenen Laufwerken<\/strong> (intern und extern, z. B. USB-Sticks, externe Festplatten, Netzerkspeicher).<\/p>\n\n\n\n<p>Im Dateisystem werden Dateien neben ihrem <strong>Namen<\/strong> auch mit einer <strong>Dateiendung<\/strong> gespeichert.<\/p>\n\n\n\n<p>Welche Aufgabe haben diese Dateiendungen?<\/p>\n\n\n\n<p>Welche Dateiendungen kennt ihr?<\/p>\n<\/div>\n\n\n\n<div class=\"wp-block-column is-layout-flow wp-block-column-is-layout-flow\" style=\"flex-basis:33.33%\">\n<figure class=\"wp-block-image size-full\"><img loading=\"lazy\" decoding=\"async\" width=\"809\" height=\"608\" src=\"https:\/\/lehrerjanke.rocks\/wp-content\/uploads\/2022\/09\/Windows-Explorer_Windows_8.1.png\" alt=\"\" class=\"wp-image-104\" srcset=\"https:\/\/lehrerjanke.rocks\/wp-content\/uploads\/2022\/09\/Windows-Explorer_Windows_8.1.png 809w, https:\/\/lehrerjanke.rocks\/wp-content\/uploads\/2022\/09\/Windows-Explorer_Windows_8.1-300x225.png 300w, https:\/\/lehrerjanke.rocks\/wp-content\/uploads\/2022\/09\/Windows-Explorer_Windows_8.1-768x577.png 768w\" sizes=\"auto, (max-width: 767px) 89vw, (max-width: 1000px) 54vw, (max-width: 1071px) 543px, 580px\" \/><\/figure>\n<\/div>\n<\/div>\n\n\n\n<div style=\"height:80px\" aria-hidden=\"true\" class=\"wp-block-spacer\"><\/div>\n\n\n\n<hr class=\"wp-block-separator has-alpha-channel-opacity\"\/>\n\n\n\n<div style=\"height:80px\" aria-hidden=\"true\" class=\"wp-block-spacer\"><\/div>\n\n\n\n<h3 class=\"wp-block-heading\">Aufgabe 1:<\/h3>\n\n\n\n<div class=\"wp-block-columns is-layout-flex wp-container-core-columns-is-layout-9d6595d7 wp-block-columns-is-layout-flex\">\n<div class=\"wp-block-column is-layout-flow wp-block-column-is-layout-flow\" style=\"flex-basis:66.66%\">\n<ol class=\"wp-block-list\">\n<li>\u00d6ffne den Dateimanager (Ordner-Symbol mit deinem Namen, oben links auf deinem Desktop) und navigiere in der Schnellansicht zum Ordner <strong>H:\/<\/strong>.<\/li>\n\n\n\n<li>Erstelle, falls noch nicht vorhanden, hier einen neuen Ordner f\u00fcr dieses Fach mit dem Titel <strong>Informatik<\/strong>, in den du ab jetzt alle Dokumente f\u00fcr und aus diesem Fach speicherst. <a href=\"https:\/\/www.computerwissen.de\/windows\/bedienung-erleichterte-bedienung\/dateiverwaltung\/explorer\/\" target=\"_blank\" rel=\"noreferrer noopener\">HIER<\/a> findest du eine Einf\u00fchrung in die Benutzung des Dateimanagers und <a href=\"https:\/\/www.buero-kaizen.de\/ordnerstruktur\/\" target=\"_blank\" rel=\"noreferrer noopener\">HIER<\/a> eine Strategie f\u00fcr eine gute Ordnerstruktur.<\/li>\n\n\n\n<li>Lade anschlie\u00dfend diese vier Dateien auf deinen Computer herunter, finde sie in deinem Dateisystem und verschiebe sie in den Ordner Informatik.<\/li>\n<\/ol>\n<\/div>\n\n\n\n<div class=\"wp-block-column is-layout-flow wp-block-column-is-layout-flow\" style=\"flex-basis:33.33%\">\n<figure class=\"wp-block-image size-full\"><img loading=\"lazy\" decoding=\"async\" width=\"673\" height=\"464\" src=\"https:\/\/lehrerjanke.rocks\/wp-content\/uploads\/2022\/09\/Datei-speichern.png\" alt=\"\" class=\"wp-image-173\" srcset=\"https:\/\/lehrerjanke.rocks\/wp-content\/uploads\/2022\/09\/Datei-speichern.png 673w, https:\/\/lehrerjanke.rocks\/wp-content\/uploads\/2022\/09\/Datei-speichern-300x207.png 300w\" sizes=\"auto, (max-width: 673px) 100vw, 673px\" \/><\/figure>\n<\/div>\n<\/div>\n\n\n\n<div class=\"wp-block-file\"><a id=\"wp-block-file--media-d8f00751-8666-4c5d-9900-abe9e9c15901\" href=\"https:\/\/lehrerjanke.rocks\/wp-content\/uploads\/2022\/08\/Dokument-1.docx\">Dokument 1.docx<\/a><a href=\"https:\/\/lehrerjanke.rocks\/wp-content\/uploads\/2022\/08\/Dokument-1.docx\" class=\"wp-block-file__button wp-element-button\" download aria-describedby=\"wp-block-file--media-d8f00751-8666-4c5d-9900-abe9e9c15901\">Herunterladen<\/a><\/div>\n\n\n\n<div class=\"wp-block-file\"><a id=\"wp-block-file--media-6e1dd827-3bcd-4a4e-b8a1-06dfcb9e4131\" href=\"https:\/\/lehrerjanke.rocks\/wp-content\/uploads\/2022\/08\/Dokument-2.docx\">Dokument 2.docx<\/a><a href=\"https:\/\/lehrerjanke.rocks\/wp-content\/uploads\/2022\/08\/Dokument-2.docx\" class=\"wp-block-file__button wp-element-button\" download aria-describedby=\"wp-block-file--media-6e1dd827-3bcd-4a4e-b8a1-06dfcb9e4131\">Herunterladen<\/a><\/div>\n\n\n\n<div class=\"wp-block-file\"><a id=\"wp-block-file--media-a9c57ed9-15bc-4944-8225-c8ff03975081\" href=\"https:\/\/lehrerjanke.rocks\/wp-content\/uploads\/2022\/08\/Dokument-3.docx\">Dokument 3.docx<\/a><a href=\"https:\/\/lehrerjanke.rocks\/wp-content\/uploads\/2022\/08\/Dokument-3.docx\" class=\"wp-block-file__button wp-element-button\" download aria-describedby=\"wp-block-file--media-a9c57ed9-15bc-4944-8225-c8ff03975081\">Herunterladen<\/a><\/div>\n\n\n\n<div class=\"wp-block-file\"><a id=\"wp-block-file--media-90a08e7b-9d48-43ef-967c-96bd721d12c2\" href=\"https:\/\/lehrerjanke.rocks\/wp-content\/uploads\/2022\/08\/Dokument-4.docx\">Dokument 4.docx<\/a><a href=\"https:\/\/lehrerjanke.rocks\/wp-content\/uploads\/2022\/08\/Dokument-4.docx\" class=\"wp-block-file__button wp-element-button\" download aria-describedby=\"wp-block-file--media-90a08e7b-9d48-43ef-967c-96bd721d12c2\">Herunterladen<\/a><\/div>\n\n\n\n<div style=\"height:5px\" aria-hidden=\"true\" class=\"wp-block-spacer\"><\/div>\n\n\n\n<ol start=\"4\" class=\"wp-block-list\">\n<li>\u00d6ffne die Dokumente und schaue dir ihren Inhalt an. Schlie\u00dfe sie wieder und benenne Sie sinnvoll um (Rechsklick auf den Namen => Umbenennen).<\/li>\n\n\n\n<li>\u00d6ffne anschlie\u00dfend ein beliebiges Dokument, \u00e4ndere die Seitenfarbe sinnvoll und beginne, die Regeln f\u00fcr das <a href=\"https:\/\/lehrerjanke.rocks\/index.php\/verhalten-im-computerraum\/\" data-type=\"URL\" data-id=\"https:\/\/lehrerjanke.rocks\/index.php\/verhalten-im-computerraum\/\">Verhalten im Computerraum<\/a> abzuschreiben.<\/li>\n<\/ol>\n\n\n\n<div style=\"height:80px\" aria-hidden=\"true\" class=\"wp-block-spacer\"><\/div>\n\n\n\n<hr class=\"wp-block-separator has-alpha-channel-opacity\"\/>\n\n\n\n<div style=\"height:80px\" aria-hidden=\"true\" class=\"wp-block-spacer\"><\/div>\n\n\n\n<p>In Texten m\u00fcssen h\u00e4ufig \u00dcberschriften und einzelne Worte formatiert, also optisch ver\u00e4ndert werden. Im folgenden Dokument d\u00fcrft ihr das einmal ausprobieren.<\/p>\n\n\n\n<h2 class=\"wp-block-heading\">Aufgabe 2:<\/h2>\n\n\n\n<ol class=\"wp-block-list\">\n<li>Lades das Dokument herunter und speichere es im Ordner <strong>Informatik<\/strong>.<\/li>\n<\/ol>\n\n\n\n<div class=\"wp-block-file\"><a id=\"wp-block-file--media-6073c3ec-be5d-45f9-a09a-4323482e23a4\" href=\"https:\/\/lehrerjanke.rocks\/wp-content\/uploads\/2022\/09\/04a_Textformatierung.docx\">04a_Textformatierung<\/a><\/div>\n\n\n\n<div style=\"height:5px\" aria-hidden=\"true\" class=\"wp-block-spacer\"><\/div>\n\n\n\n<ol start=\"2\" class=\"wp-block-list\">\n<li>\u00d6ffne das Dokument und bearbeite es.<\/li>\n<\/ol>\n","protected":false},"excerpt":{"rendered":"<p>Was ist ein Dateisystem? Ein Dateisystem ist ein&nbsp;Ablagesystem auf einem Speichermedium, das das Schreiben, Suchen, Lesen, Speichern, Ver\u00e4ndern und L\u00f6schen von Dateien auf eine spezifische Weise strukturiert und organisiert. Wichtig ist dabei es, dass die gespeicherten Dateien leicht (wieder-) zu finden und Anwender&nbsp;schnellstm\u00f6glichen Zugriff&nbsp;auf ihre Dateien bekommen. Dateisysteme sind zudem eine wichtige Schnittstelle zwischen dem &hellip; <\/p>\n<p class=\"link-more\"><a href=\"https:\/\/lehrerjanke.rocks\/index.php\/informatik\/dateisystem-erforschen\/\" class=\"more-link\"><span class=\"screen-reader-text\">\u201e1. Dateisystem erforschen\u201c <\/span>weiterlesen<\/a><\/p>\n","protected":false},"author":1,"featured_media":0,"parent":27,"menu_order":0,"comment_status":"closed","ping_status":"closed","template":"template-full-width.php","meta":{"footnotes":""},"class_list":["post-53","page","type-page","status-publish","hentry"],"_links":{"self":[{"href":"https:\/\/lehrerjanke.rocks\/index.php\/wp-json\/wp\/v2\/pages\/53","targetHints":{"allow":["GET"]}}],"collection":[{"href":"https:\/\/lehrerjanke.rocks\/index.php\/wp-json\/wp\/v2\/pages"}],"about":[{"href":"https:\/\/lehrerjanke.rocks\/index.php\/wp-json\/wp\/v2\/types\/page"}],"author":[{"embeddable":true,"href":"https:\/\/lehrerjanke.rocks\/index.php\/wp-json\/wp\/v2\/users\/1"}],"replies":[{"embeddable":true,"href":"https:\/\/lehrerjanke.rocks\/index.php\/wp-json\/wp\/v2\/comments?post=53"}],"version-history":[{"count":25,"href":"https:\/\/lehrerjanke.rocks\/index.php\/wp-json\/wp\/v2\/pages\/53\/revisions"}],"predecessor-version":[{"id":513,"href":"https:\/\/lehrerjanke.rocks\/index.php\/wp-json\/wp\/v2\/pages\/53\/revisions\/513"}],"up":[{"embeddable":true,"href":"https:\/\/lehrerjanke.rocks\/index.php\/wp-json\/wp\/v2\/pages\/27"}],"wp:attachment":[{"href":"https:\/\/lehrerjanke.rocks\/index.php\/wp-json\/wp\/v2\/media?parent=53"}],"curies":[{"name":"wp","href":"https:\/\/api.w.org\/{rel}","templated":true}]}}