{"id":556,"date":"2026-03-03T20:50:13","date_gmt":"2026-03-03T19:50:13","guid":{"rendered":"https:\/\/lehrerjanke.rocks\/?page_id=556"},"modified":"2026-03-03T20:50:43","modified_gmt":"2026-03-03T19:50:43","slug":"5-aufbau-von-netzwerken-teil-3","status":"publish","type":"page","link":"https:\/\/lehrerjanke.rocks\/index.php\/informatik\/5-aufbau-von-netzwerken-teil-3\/","title":{"rendered":"5. Aufbau von Netzwerken &#8211; Teil 3"},"content":{"rendered":"\n<h2 class=\"wp-block-heading\">5.1 Router = Verbindungsrechner<\/h2>\n\n\n\n<p>Ein Router ist die zentrale Vermittlungsstelle in Netzwerken, <mark>die Datenpakete zwischen dem lokalen Heimnetzwerk (LAN\/WLAN) und dem Internet (WAN) weiterleitet.<\/mark><\/p>\n\n\n\n<p>Als Heimnetzwerkrouter <mark>verbindet er mehrere Ger\u00e4te gleichzeitig mit dem Internet. Als Webrouter<\/mark> agiert er als &#8222;Verkehrspolizist&#8220;, der den besten Pfad f\u00fcr Datenverkehr anhand von IP-Adressen w\u00e4hlt.\u00a0<\/p>\n\n\n\n<figure class=\"wp-block-embed is-type-video is-provider-youtube wp-block-embed-youtube wp-embed-aspect-16-9 wp-has-aspect-ratio\"><div class=\"wp-block-embed__wrapper\">\n<iframe loading=\"lazy\" title=\"06 Vermittlungsrechner Router\" width=\"525\" height=\"295\" src=\"https:\/\/www.youtube.com\/embed\/pWO_fSIt6Ag?feature=oembed\" frameborder=\"0\" allow=\"accelerometer; autoplay; clipboard-write; encrypted-media; gyroscope; picture-in-picture; web-share\" referrerpolicy=\"strict-origin-when-cross-origin\" allowfullscreen><\/iframe>\n<\/div><\/figure>\n\n\n\n<h2 class=\"wp-block-heading\">Aufgabe 1: Netzwerke verbinden mit einem Router<\/h2>\n\n\n\n<ol class=\"wp-block-list\">\n<li>Erstelle ein weite res Netzwerk mit drei Rechnern und einem Switch.<br>Die neuen Rechner sollen sich in einem logisch (=IP Bereich) anderen Netzwerk befinden. W\u00e4hle daf\u00fcr die IPs 192.168.1.10 bis 192.168.1.12. und die entsprechenden Namen.<\/li>\n\n\n\n<li>F\u00fcge nun einen \u201eVermittlungsrechner\u201c dazwischen ein. W\u00e4hle 2 Schnittstellen aus.<\/li>\n\n\n\n<li>Abschluss: Bitte speichere die fertige Aufgabe ab. <\/li>\n\n\n\n<li>Wechsle in den Aktionsmodus:<br>\u00d6ffne auf Rechner 0.10 die Befehlszeile<br>Teste die Verbindung indem du einen Ping sendest an IP 192.168.1.10<br>Ist der Ping nicht erfolgreich? > <strong>Dann stimmt alles! Abwarten\u2026<\/strong><\/li>\n<\/ol>\n\n\n\n<h2 class=\"wp-block-heading\">5.2 Routingtabellen<\/h2>\n\n\n\n<figure class=\"wp-block-embed is-type-video is-provider-youtube wp-block-embed-youtube wp-embed-aspect-16-9 wp-has-aspect-ratio\"><div class=\"wp-block-embed__wrapper\">\n<iframe loading=\"lazy\" title=\"07 Gateway IP\" width=\"525\" height=\"295\" src=\"https:\/\/www.youtube.com\/embed\/iI-u1ovOUQo?feature=oembed\" frameborder=\"0\" allow=\"accelerometer; autoplay; clipboard-write; encrypted-media; gyroscope; picture-in-picture; web-share\" referrerpolicy=\"strict-origin-when-cross-origin\" allowfullscreen><\/iframe>\n<\/div><\/figure>\n\n\n\n<h2 class=\"wp-block-heading\">Aufgabe 2<\/h2>\n\n\n\n<ol class=\"wp-block-list\">\n<li>Erstelle eine Routingtabelle um das Netzwerk 0 mit dem Netzwerk 1 verbindet.<\/li>\n\n\n\n<li>Aktualisiere deine Aufzeichnungen \u00fcber die Funktionsweise von Routern.<\/li>\n<\/ol>\n\n\n\n<div class=\"wp-block-columns is-layout-flex wp-container-core-columns-is-layout-9d6595d7 wp-block-columns-is-layout-flex\">\n<div class=\"wp-block-column is-layout-flow wp-block-column-is-layout-flow\" style=\"flex-basis:25%\">\n<div class=\"wp-block-buttons is-layout-flex wp-block-buttons-is-layout-flex\">\n<div class=\"wp-block-button is-style-outline is-style-outline--1\"><a class=\"wp-block-button__link wp-element-button\" href=\"https:\/\/lehrerjanke.rocks\/index.php\/informatik\/aufbau-netzwerk-1\/\">zur\u00fcck<\/a><\/div>\n<\/div>\n<\/div>\n\n\n\n<div class=\"wp-block-column is-layout-flow wp-block-column-is-layout-flow\" style=\"flex-basis:50%\">\n<div class=\"wp-block-columns is-layout-flex wp-container-core-columns-is-layout-9d6595d7 wp-block-columns-is-layout-flex\">\n<div class=\"wp-block-column is-layout-flow wp-block-column-is-layout-flow\"><\/div>\n\n\n\n<div class=\"wp-block-column is-layout-flow wp-block-column-is-layout-flow\"><\/div>\n\n\n\n<div class=\"wp-block-column is-layout-flow wp-block-column-is-layout-flow\"><\/div>\n<\/div>\n\n\n\n<p><\/p>\n<\/div>\n\n\n\n<div class=\"wp-block-column is-layout-flow wp-block-column-is-layout-flow\" style=\"flex-basis:25%\">\n<div class=\"wp-block-buttons is-layout-flex wp-block-buttons-is-layout-flex\">\n<div class=\"wp-block-button is-style-outline is-style-outline--2\"><a class=\"wp-block-button__link wp-element-button\" href=\"https:\/\/lehrerjanke.rocks\/index.php\/informatik-7gym\/das-internet\/\">weiter<\/a><\/div>\n<\/div>\n<\/div>\n<\/div>\n\n\n\n<p><\/p>\n","protected":false},"excerpt":{"rendered":"<p>5.1 Router = Verbindungsrechner Ein Router ist die zentrale Vermittlungsstelle in Netzwerken, die Datenpakete zwischen dem lokalen Heimnetzwerk (LAN\/WLAN) und dem Internet (WAN) weiterleitet. Als Heimnetzwerkrouter verbindet er mehrere Ger\u00e4te gleichzeitig mit dem Internet. Als Webrouter agiert er als &#8222;Verkehrspolizist&#8220;, der den besten Pfad f\u00fcr Datenverkehr anhand von IP-Adressen w\u00e4hlt.\u00a0 Aufgabe 1: Netzwerke verbinden mit &hellip; <\/p>\n<p class=\"link-more\"><a href=\"https:\/\/lehrerjanke.rocks\/index.php\/informatik\/5-aufbau-von-netzwerken-teil-3\/\" class=\"more-link\"><span class=\"screen-reader-text\">\u201e5. Aufbau von Netzwerken &#8211; Teil 3\u201c <\/span>weiterlesen<\/a><\/p>\n","protected":false},"author":1,"featured_media":0,"parent":27,"menu_order":5,"comment_status":"closed","ping_status":"closed","template":"","meta":{"footnotes":""},"class_list":["post-556","page","type-page","status-publish","hentry"],"_links":{"self":[{"href":"https:\/\/lehrerjanke.rocks\/index.php\/wp-json\/wp\/v2\/pages\/556","targetHints":{"allow":["GET"]}}],"collection":[{"href":"https:\/\/lehrerjanke.rocks\/index.php\/wp-json\/wp\/v2\/pages"}],"about":[{"href":"https:\/\/lehrerjanke.rocks\/index.php\/wp-json\/wp\/v2\/types\/page"}],"author":[{"embeddable":true,"href":"https:\/\/lehrerjanke.rocks\/index.php\/wp-json\/wp\/v2\/users\/1"}],"replies":[{"embeddable":true,"href":"https:\/\/lehrerjanke.rocks\/index.php\/wp-json\/wp\/v2\/comments?post=556"}],"version-history":[{"count":1,"href":"https:\/\/lehrerjanke.rocks\/index.php\/wp-json\/wp\/v2\/pages\/556\/revisions"}],"predecessor-version":[{"id":559,"href":"https:\/\/lehrerjanke.rocks\/index.php\/wp-json\/wp\/v2\/pages\/556\/revisions\/559"}],"up":[{"embeddable":true,"href":"https:\/\/lehrerjanke.rocks\/index.php\/wp-json\/wp\/v2\/pages\/27"}],"wp:attachment":[{"href":"https:\/\/lehrerjanke.rocks\/index.php\/wp-json\/wp\/v2\/media?parent=556"}],"curies":[{"name":"wp","href":"https:\/\/api.w.org\/{rel}","templated":true}]}}